{"id":161,"date":"2015-08-03T22:12:05","date_gmt":"2015-08-03T20:12:05","guid":{"rendered":"http:\/\/nachwuchs.ehc-klostersee.de\/klein\/?page_id=161"},"modified":"2015-08-03T22:12:05","modified_gmt":"2015-08-03T20:12:05","slug":"kontakt","status":"publish","type":"page","link":"https:\/\/nachwuchs.ehc-klostersee.de\/u13\/kontakt\/","title":{"rendered":"Kontakt"},"content":{"rendered":"<table class=\"footable\">\n<tbody>\n<tr>\n<td style=\"background-color: #ffffff;\" colspan=\"2\">Wenn du fragen zu den Nachwuchsmannschaften hast, kannst du die folgenden Ansprechpartner oder die Betreuer der Mannschaften kontaktieren.<\/td>\n<\/tr>\n<tr>\n<td style=\"background-color: #ffffff;\">Andreas Sumpf<\/td>\n<td style=\"background-color: #ffffff;\"><a href=\"mailto:nachwuchs@ehc-klostersee.de\">nachwuchs@ehc-klostersee.de<\/a><\/td>\n<\/tr>\n<tr>\n<td style=\"background-color: #ffffff;\">Marek Dobis<\/td>\n<td style=\"background-color: #ffffff;\"><a href=\"mailto:nachwuchs@ehc-klostersee.de\">nachwuchs@ehc-klostersee.de<\/a><\/td>\n<\/tr>\n<\/tbody>\n<\/table>\n<table>\n<tbody>\n<tr>\n<td style=\"background-color: #ffffff;\" colspan=\"2\">Die Betreuer der Nachwuchsmannschaften.<\/td>\n<\/tr>\n<tr>\n<td style=\"background-color: #ffffff;\">Kleinstsch\u00fcler U8<\/td>\n<td style=\"background-color: #ffffff;\"><a href=\"mailto:u8@ehc-klostersee.de\">u8@ehc-klostersee.de<\/a><\/td>\n<\/tr>\n<tr>\n<td style=\"background-color: #ffffff;\">Kleinstsch\u00fcler U10<\/td>\n<td style=\"background-color: #ffffff;\"><a href=\"mailto:u10@ehc-klostersee.de\">u10@ehc-klostersee.de<\/a><\/td>\n<\/tr>\n<tr>\n<td style=\"background-color: #ffffff;\"><strong>Kleinsch\u00fcler U12<\/strong><\/td>\n<td style=\"background-color: #ffffff;\"><a href=\"mailto:u12@ehc-klostersee.de\">u12@ehc-klostersee.de<\/a><\/td>\n<\/tr>\n<tr>\n<td style=\"background-color: #ffffff;\">Knaben U14<\/td>\n<td style=\"background-color: #ffffff;\"><a href=\"mailto:u14@ehc-klostersee.de\">u14@ehc-klostersee.de<\/a><\/td>\n<\/tr>\n<tr>\n<td style=\"background-color: #ffffff;\">Sch\u00fcler U16<\/td>\n<td style=\"background-color: #ffffff;\"><a href=\"mailto:u16@ehc-klostersee.de\">u16@ehc-klostersee.de<\/a><\/td>\n<\/tr>\n<tr>\n<td style=\"background-color: #ffffff;\">Jugend U19<\/td>\n<td style=\"background-color: #ffffff;\"><a href=\"mailto:u19@ehc-klostersee.de\">u19@ehc-klostersee.de<\/a><\/td>\n<\/tr>\n<\/tbody>\n<\/table>\n<p>&nbsp;<\/p>\n","protected":false},"excerpt":{"rendered":"<p>Wenn du fragen zu den Nachwuchsmannschaften hast, kannst du die folgenden Ansprechpartner oder die Betreuer der Mannschaften kontaktieren. Andreas Sumpf nachwuchs@ehc-klostersee.de Marek Dobis nachwuchs@ehc-klostersee.de Die Betreuer der Nachwuchsmannschaften. Kleinstsch\u00fcler U8 u8@ehc-klostersee.de Kleinstsch\u00fcler U10 u10@ehc-klostersee.de Kleinsch\u00fcler U12 u12@ehc-klostersee.de Knaben U14 u14@ehc-klostersee.de Sch\u00fcler U16 u16@ehc-klostersee.de Jugend U19 u19@ehc-klostersee.de &nbsp;<\/p>\n","protected":false},"author":1,"featured_media":0,"parent":0,"menu_order":0,"comment_status":"closed","ping_status":"closed","template":"","meta":[],"_links":{"self":[{"href":"https:\/\/nachwuchs.ehc-klostersee.de\/u13\/wp-json\/wp\/v2\/pages\/161"}],"collection":[{"href":"https:\/\/nachwuchs.ehc-klostersee.de\/u13\/wp-json\/wp\/v2\/pages"}],"about":[{"href":"https:\/\/nachwuchs.ehc-klostersee.de\/u13\/wp-json\/wp\/v2\/types\/page"}],"author":[{"embeddable":true,"href":"https:\/\/nachwuchs.ehc-klostersee.de\/u13\/wp-json\/wp\/v2\/users\/1"}],"replies":[{"embeddable":true,"href":"https:\/\/nachwuchs.ehc-klostersee.de\/u13\/wp-json\/wp\/v2\/comments?post=161"}],"version-history":[{"count":1,"href":"https:\/\/nachwuchs.ehc-klostersee.de\/u13\/wp-json\/wp\/v2\/pages\/161\/revisions"}],"predecessor-version":[{"id":162,"href":"https:\/\/nachwuchs.ehc-klostersee.de\/u13\/wp-json\/wp\/v2\/pages\/161\/revisions\/162"}],"wp:attachment":[{"href":"https:\/\/nachwuchs.ehc-klostersee.de\/u13\/wp-json\/wp\/v2\/media?parent=161"}],"curies":[{"name":"wp","href":"https:\/\/api.w.org\/{rel}","templated":true}]}}